{"id":3394,"date":"2021-01-06T11:29:35","date_gmt":"2021-01-06T11:29:35","guid":{"rendered":"https:\/\/themes.themegoods.com\/grandrestaurantv6\/demo8\/?page_id=3394"},"modified":"2026-03-31T12:23:31","modified_gmt":"2026-03-31T10:23:31","slug":"our-menus","status":"publish","type":"page","link":"https:\/\/restaurant-kirameki.com\/en\/our-menus\/","title":{"rendered":"The Menu"},"content":{"rendered":"\t\t<div data-elementor-type=\"wp-page\" data-elementor-id=\"3394\" class=\"elementor elementor-3394\" data-elementor-post-type=\"page\">\n\t\t\t\t\t\t<section class=\"elementor-section elementor-top-section elementor-element elementor-element-a9afdd6 elementor-section-boxed elementor-section-height-default elementor-section-height-default\" data-id=\"a9afdd6\" data-element_type=\"section\" data-e-type=\"section\">\n\t\t\t\t\t\t<div class=\"elementor-container elementor-column-gap-default\">\n\t\t\t\t\t<div class=\"elementor-column elementor-col-100 elementor-top-column elementor-element elementor-element-f97a229\" data-id=\"f97a229\" data-element_type=\"column\" data-e-type=\"column\">\n\t\t\t<div class=\"elementor-widget-wrap elementor-element-populated\">\n\t\t\t\t<div class=\"elementor-element elementor-element-5facd0b e-flex e-con-boxed e-con e-parent\" data-id=\"5facd0b\" data-element_type=\"container\" data-e-type=\"container\">\n\t\t\t\t\t<div class=\"e-con-inner\">\n\t\t\t\t<div class=\"elementor-element elementor-element-dd84776 elementor-widget elementor-widget-heading\" data-id=\"dd84776\" data-element_type=\"widget\" data-e-type=\"widget\" data-widget_type=\"heading.default\">\n\t\t\t\t\t<h2 class=\"elementor-heading-title elementor-size-default\">Menu Terre et Mer<\/h2>\t\t\t\t<\/div>\n\t\t\t\t<div class=\"elementor-element elementor-element-38527db elementor-widget elementor-widget-text-editor\" data-id=\"38527db\" data-element_type=\"widget\" data-e-type=\"widget\" data-widget_type=\"text-editor.default\">\n\t\t\t\t\t\t\t\t\t<p>2 Entr\u00e9es + Poisson ou Viande + Fromages ou Dessert \u00a0<strong>95\u20ac<\/strong><br \/>2 Entr\u00e9es + Poisson et Viande + Fromages ou Dessert <strong>120\u20ac<\/strong><\/p><p><strong>-Mise en bouche-<\/strong><\/p><p><strong>Truite de Jura<\/strong> confit<br \/>Caviar \u00ab\u00a0Caviarly&rsquo;s\u00a0\u00bb<br \/>D\u00e9clinaison de carotte et orange<\/p><p><strong>Morille fra\u00eeches<\/strong> farcies,<br \/>Asperges vertes, oeuf parfait<\/p><p><strong>Poisson<\/strong> s\u00e9lection du chef<br \/>L\u00e9gumes vertes, huile d&rsquo;ail des ours, sauce vin blanc au Miso<\/p><p><strong>Veau r\u00f4ti<\/strong> et press\u00e9e de rago\u00fbt<br \/>Asperge blanche, sauce mad\u00e8re<\/p><p><strong>-Fromage &amp; Dessert-<\/strong><\/p><p>Les Fromages affin\u00e9s \u00ab\u00a0Alain Hess\u00a0\u00bb<\/p><p>Le Dessert selon l&rsquo;inspiration du chef<\/p>\t\t\t\t\t\t\t\t<\/div>\n\t\t\t\t\t<\/div>\n\t\t\t\t<\/div>\n\t\t\t\t\t<\/div>\n\t\t<\/div>\n\t\t\t\t\t<\/div>\n\t\t<\/section>\n\t\t<div class=\"elementor-element elementor-element-2d21d64 e-flex e-con-boxed e-con e-parent\" data-id=\"2d21d64\" data-element_type=\"container\" data-e-type=\"container\" data-settings=\"{&quot;background_background&quot;:&quot;slideshow&quot;,&quot;background_slideshow_gallery&quot;:[{&quot;id&quot;:4817,&quot;url&quot;:&quot;http:\\\/\\\/restaurant-kirameki.com\\\/wp-content\\\/uploads\\\/2025\\\/08\\\/666-scaled.jpg&quot;},{&quot;id&quot;:4818,&quot;url&quot;:&quot;http:\\\/\\\/restaurant-kirameki.com\\\/wp-content\\\/uploads\\\/2025\\\/08\\\/66-scaled.jpg&quot;},{&quot;id&quot;:4950,&quot;url&quot;:&quot;http:\\\/\\\/restaurant-kirameki.com\\\/wp-content\\\/uploads\\\/2025\\\/08\\\/3E123B10-BFAC-477F-8116-0602A8593BD4_share.jpg&quot;}],&quot;background_slideshow_slide_duration&quot;:1000,&quot;background_slideshow_loop&quot;:&quot;yes&quot;,&quot;background_slideshow_slide_transition&quot;:&quot;fade&quot;,&quot;background_slideshow_transition_duration&quot;:500}\">\n\t\t\t\t\t<div class=\"e-con-inner\">\n\t\t\t\t<div class=\"elementor-element elementor-element-ebbd7d5 elementor-widget elementor-widget-spacer\" data-id=\"ebbd7d5\" data-element_type=\"widget\" data-e-type=\"widget\" data-widget_type=\"spacer.default\">\n\t\t\t\t\t\t\t<div class=\"elementor-spacer\">\n\t\t\t<div class=\"elementor-spacer-inner\"><\/div>\n\t\t<\/div>\n\t\t\t\t\t\t<\/div>\n\t\t\t\t\t<\/div>\n\t\t\t\t<\/div>\n\t\t\t\t<section class=\"elementor-section elementor-top-section elementor-element elementor-element-cfddecf elementor-section-boxed elementor-section-height-default elementor-section-height-default\" data-id=\"cfddecf\" data-element_type=\"section\" data-e-type=\"section\" data-settings=\"{&quot;background_background&quot;:&quot;slideshow&quot;,&quot;background_slideshow_gallery&quot;:[],&quot;background_slideshow_loop&quot;:&quot;yes&quot;,&quot;background_slideshow_slide_duration&quot;:5000,&quot;background_slideshow_slide_transition&quot;:&quot;fade&quot;,&quot;background_slideshow_transition_duration&quot;:500}\">\n\t\t\t\t\t\t<div class=\"elementor-container elementor-column-gap-default\">\n\t\t\t\t\t<div class=\"elementor-column elementor-col-100 elementor-top-column elementor-element elementor-element-51a9b8f\" data-id=\"51a9b8f\" data-element_type=\"column\" data-e-type=\"column\">\n\t\t\t<div class=\"elementor-widget-wrap elementor-element-populated\">\n\t\t\t\t<div class=\"elementor-element elementor-element-f89b71e e-flex e-con-boxed e-con e-parent\" data-id=\"f89b71e\" data-element_type=\"container\" data-e-type=\"container\">\n\t\t\t\t\t<div class=\"e-con-inner\">\n\t\t\t\t<div class=\"elementor-element elementor-element-2f731ca elementor-widget elementor-widget-heading\" data-id=\"2f731ca\" data-element_type=\"widget\" data-e-type=\"widget\" data-widget_type=\"heading.default\">\n\t\t\t\t\t<h2 class=\"elementor-heading-title elementor-size-default\">A la Carte\n<\/h2>\t\t\t\t<\/div>\n\t\t\t\t<div class=\"elementor-element elementor-element-269db2d elementor-widget elementor-widget-text-editor\" data-id=\"269db2d\" data-element_type=\"widget\" data-e-type=\"widget\" data-widget_type=\"text-editor.default\">\n\t\t\t\t\t\t\t\t\t<p><strong>-Les Entr\u00e9es-<\/strong><\/p><p><strong> P\u00e2t\u00e9 en cro\u00fbte<\/strong> \u00abpigeon, foie gras, c\u00e8pes, ris de veau)<br \/>pickles maison, kumquats, aubergine br\u00fbl\u00e9e \u00abVice champion du monde 2013<\/p><p><strong>T\u00eate de veau r\u00f4tie<\/strong> \u00ab\u00a0clin d&rsquo;oeil \u00e0 M. Bruno Monnoir\u00a0\u00bb, langoustines frits en panure son de moutarde de \u00ab\u00a0M. Fallot\u00a0\u00bb, bouillon mousseux gribiche<\/p><p><strong>-Les Plats-<\/strong><\/p><p><strong>Poisson s\u00e9lection du chef<\/strong> Legumes vertes, huile d&rsquo;ail des ours, sauce vin blanc au Miso<\/p><p><strong>Pigeon du Corton<\/strong> \u00ab\u00a0M. Sanchez\u00a0\u00bb d\u00e9soss\u00e9: le filet r\u00f4ti, la cuisse croustillante<\/p><p><strong>Faux filet de B\u0153uf<\/strong> \u00ab\u00a0Wagyu Japonais*\u00a0\u00bb grill\u00e9 l\u00e9gumes de saison, jus vin rouge au cassis *Boeuf Japonais<\/p><p><strong>-Fromage &amp; Dessert-<\/strong><\/p><p>Les Fromages affin\u00e9s \u00ab\u00a0Alain Hess\u00a0\u00bb<\/p><p>Le Dessert selon l&rsquo;inspiration du chef<\/p>\t\t\t\t\t\t\t\t<\/div>\n\t\t\t\t\t<\/div>\n\t\t\t\t<\/div>\n\t\t\t\t\t<\/div>\n\t\t<\/div>\n\t\t\t\t\t<\/div>\n\t\t<\/section>\n\t\t<div class=\"elementor-element elementor-element-b4fca66 e-flex e-con-boxed e-con e-parent\" data-id=\"b4fca66\" data-element_type=\"container\" data-e-type=\"container\">\n\t\t\t\t\t<div class=\"e-con-inner\">\n\t\t\t\t\t<\/div>\n\t\t\t\t<\/div>\n\t\t\t\t<\/div>\n\t\t","protected":false},"excerpt":{"rendered":"<p>Menu Terre et Mer 2 Entr\u00e9es + Poisson ou Viande + Fromages ou Dessert \u00a095\u20ac2 Entr\u00e9es + Poisson et Viande + Fromages ou Dessert 120\u20ac -Mise en bouche- Truite de Jura confitCaviar \u00ab\u00a0Caviarly&rsquo;s\u00a0\u00bbD\u00e9clinaison de carotte et orange Morille fra\u00eeches farcies,Asperges [&hellip;]<\/p>\n","protected":false},"author":1,"featured_media":0,"parent":0,"menu_order":0,"comment_status":"closed","ping_status":"closed","template":"","meta":{"footnotes":""},"class_list":["post-3394","page","type-page","status-publish","hentry"],"yoast_head":"<!-- This site is optimized with the Yoast SEO plugin v27.3 - https:\/\/yoast.com\/product\/yoast-seo-wordpress\/ -->\n<title>Menu restaurant gastronomique \u00e0 Beaune | Cuisine raffin\u00e9e<\/title>\n<meta name=\"description\" content=\"D\u00e9couvrez le menu de notre restaurant gastronomique \u00e0 Beaune : cuisine de saison, accords mets &amp; vins et exp\u00e9rience culinaire raffin\u00e9e.\" \/>\n<meta name=\"robots\" content=\"index, follow, max-snippet:-1, max-image-preview:large, max-video-preview:-1\" \/>\n<link rel=\"canonical\" href=\"https:\/\/restaurant-kirameki.com\/en\/our-menus\/\" \/>\n<meta property=\"og:locale\" content=\"en_US\" \/>\n<meta property=\"og:type\" content=\"article\" \/>\n<meta property=\"og:title\" content=\"Menu restaurant gastronomique \u00e0 Beaune | Cuisine raffin\u00e9e\" \/>\n<meta property=\"og:description\" content=\"D\u00e9couvrez le menu de notre restaurant gastronomique \u00e0 Beaune : cuisine de saison, accords mets &amp; vins et exp\u00e9rience culinaire raffin\u00e9e.\" \/>\n<meta property=\"og:url\" content=\"https:\/\/restaurant-kirameki.com\/en\/our-menus\/\" \/>\n<meta property=\"og:site_name\" content=\"restaurant-kirameki.com\" \/>\n<meta property=\"article:publisher\" content=\"https:\/\/www.facebook.com\/BenatonBeaune\/?locale=fr_FR\" \/>\n<meta property=\"article:modified_time\" content=\"2026-03-31T10:23:31+00:00\" \/>\n<meta name=\"twitter:card\" content=\"summary_large_image\" \/>\n<meta name=\"twitter:label1\" content=\"Est. reading time\" \/>\n\t<meta name=\"twitter:data1\" content=\"1 minute\" \/>\n<script type=\"application\/ld+json\" class=\"yoast-schema-graph\">{\"@context\":\"https:\\\/\\\/schema.org\",\"@graph\":[{\"@type\":\"WebPage\",\"@id\":\"https:\\\/\\\/restaurant-kirameki.com\\\/our-menus\\\/\",\"url\":\"https:\\\/\\\/restaurant-kirameki.com\\\/our-menus\\\/\",\"name\":\"Menu restaurant gastronomique \u00e0 Beaune | Cuisine raffin\u00e9e\",\"isPartOf\":{\"@id\":\"https:\\\/\\\/restaurant-kirameki.com\\\/#website\"},\"datePublished\":\"2021-01-06T11:29:35+00:00\",\"dateModified\":\"2026-03-31T10:23:31+00:00\",\"description\":\"D\u00e9couvrez le menu de notre restaurant gastronomique \u00e0 Beaune : cuisine de saison, accords mets & vins et exp\u00e9rience culinaire raffin\u00e9e.\",\"breadcrumb\":{\"@id\":\"https:\\\/\\\/restaurant-kirameki.com\\\/our-menus\\\/#breadcrumb\"},\"inLanguage\":\"en-US\",\"potentialAction\":[{\"@type\":\"ReadAction\",\"target\":[\"https:\\\/\\\/restaurant-kirameki.com\\\/our-menus\\\/\"]}]},{\"@type\":\"BreadcrumbList\",\"@id\":\"https:\\\/\\\/restaurant-kirameki.com\\\/our-menus\\\/#breadcrumb\",\"itemListElement\":[{\"@type\":\"ListItem\",\"position\":1,\"name\":\"Home\",\"item\":\"https:\\\/\\\/restaurant-kirameki.com\\\/\"},{\"@type\":\"ListItem\",\"position\":2,\"name\":\"Le Menu\"}]},{\"@type\":\"WebSite\",\"@id\":\"https:\\\/\\\/restaurant-kirameki.com\\\/#website\",\"url\":\"https:\\\/\\\/restaurant-kirameki.com\\\/\",\"name\":\"restaurant-kirameki.com\",\"description\":\"Restaurant gastronomique Bourguignon \u00e0 Beaune\",\"publisher\":{\"@id\":\"https:\\\/\\\/restaurant-kirameki.com\\\/#organization\"},\"potentialAction\":[{\"@type\":\"SearchAction\",\"target\":{\"@type\":\"EntryPoint\",\"urlTemplate\":\"https:\\\/\\\/restaurant-kirameki.com\\\/?s={search_term_string}\"},\"query-input\":{\"@type\":\"PropertyValueSpecification\",\"valueRequired\":true,\"valueName\":\"search_term_string\"}}],\"inLanguage\":\"en-US\"},{\"@type\":\"Organization\",\"@id\":\"https:\\\/\\\/restaurant-kirameki.com\\\/#organization\",\"name\":\"restaurant-kirameki.com\",\"url\":\"https:\\\/\\\/restaurant-kirameki.com\\\/\",\"logo\":{\"@type\":\"ImageObject\",\"inLanguage\":\"en-US\",\"@id\":\"https:\\\/\\\/restaurant-kirameki.com\\\/#\\\/schema\\\/logo\\\/image\\\/\",\"url\":\"https:\\\/\\\/restaurant-kirameki.com\\\/wp-content\\\/uploads\\\/2025\\\/07\\\/cropped-1-scaled-1.png\",\"contentUrl\":\"https:\\\/\\\/restaurant-kirameki.com\\\/wp-content\\\/uploads\\\/2025\\\/07\\\/cropped-1-scaled-1.png\",\"width\":512,\"height\":512,\"caption\":\"restaurant-kirameki.com\"},\"image\":{\"@id\":\"https:\\\/\\\/restaurant-kirameki.com\\\/#\\\/schema\\\/logo\\\/image\\\/\"},\"sameAs\":[\"https:\\\/\\\/www.facebook.com\\\/BenatonBeaune\\\/?locale=fr_FR\",\"https:\\\/\\\/www.instagram.com\\\/lebenaton\\\/\"]}]}<\/script>\n<!-- \/ Yoast SEO plugin. -->","yoast_head_json":{"title":"Menu restaurant gastronomique \u00e0 Beaune | Cuisine raffin\u00e9e","description":"D\u00e9couvrez le menu de notre restaurant gastronomique \u00e0 Beaune : cuisine de saison, accords mets & vins et exp\u00e9rience culinaire raffin\u00e9e.","robots":{"index":"index","follow":"follow","max-snippet":"max-snippet:-1","max-image-preview":"max-image-preview:large","max-video-preview":"max-video-preview:-1"},"canonical":"https:\/\/restaurant-kirameki.com\/en\/our-menus\/","og_locale":"en_US","og_type":"article","og_title":"Menu restaurant gastronomique \u00e0 Beaune | Cuisine raffin\u00e9e","og_description":"D\u00e9couvrez le menu de notre restaurant gastronomique \u00e0 Beaune : cuisine de saison, accords mets & vins et exp\u00e9rience culinaire raffin\u00e9e.","og_url":"https:\/\/restaurant-kirameki.com\/en\/our-menus\/","og_site_name":"restaurant-kirameki.com","article_publisher":"https:\/\/www.facebook.com\/BenatonBeaune\/?locale=fr_FR","article_modified_time":"2026-03-31T10:23:31+00:00","twitter_card":"summary_large_image","twitter_misc":{"Est. reading time":"1 minute"},"schema":{"@context":"https:\/\/schema.org","@graph":[{"@type":"WebPage","@id":"https:\/\/restaurant-kirameki.com\/our-menus\/","url":"https:\/\/restaurant-kirameki.com\/our-menus\/","name":"Menu restaurant gastronomique \u00e0 Beaune | Cuisine raffin\u00e9e","isPartOf":{"@id":"https:\/\/restaurant-kirameki.com\/#website"},"datePublished":"2021-01-06T11:29:35+00:00","dateModified":"2026-03-31T10:23:31+00:00","description":"D\u00e9couvrez le menu de notre restaurant gastronomique \u00e0 Beaune : cuisine de saison, accords mets & vins et exp\u00e9rience culinaire raffin\u00e9e.","breadcrumb":{"@id":"https:\/\/restaurant-kirameki.com\/our-menus\/#breadcrumb"},"inLanguage":"en-US","potentialAction":[{"@type":"ReadAction","target":["https:\/\/restaurant-kirameki.com\/our-menus\/"]}]},{"@type":"BreadcrumbList","@id":"https:\/\/restaurant-kirameki.com\/our-menus\/#breadcrumb","itemListElement":[{"@type":"ListItem","position":1,"name":"Home","item":"https:\/\/restaurant-kirameki.com\/"},{"@type":"ListItem","position":2,"name":"Le Menu"}]},{"@type":"WebSite","@id":"https:\/\/restaurant-kirameki.com\/#website","url":"https:\/\/restaurant-kirameki.com\/","name":"restaurant-kirameki.com","description":"Restaurant gastronomique Bourguignon \u00e0 Beaune","publisher":{"@id":"https:\/\/restaurant-kirameki.com\/#organization"},"potentialAction":[{"@type":"SearchAction","target":{"@type":"EntryPoint","urlTemplate":"https:\/\/restaurant-kirameki.com\/?s={search_term_string}"},"query-input":{"@type":"PropertyValueSpecification","valueRequired":true,"valueName":"search_term_string"}}],"inLanguage":"en-US"},{"@type":"Organization","@id":"https:\/\/restaurant-kirameki.com\/#organization","name":"restaurant-kirameki.com","url":"https:\/\/restaurant-kirameki.com\/","logo":{"@type":"ImageObject","inLanguage":"en-US","@id":"https:\/\/restaurant-kirameki.com\/#\/schema\/logo\/image\/","url":"https:\/\/restaurant-kirameki.com\/wp-content\/uploads\/2025\/07\/cropped-1-scaled-1.png","contentUrl":"https:\/\/restaurant-kirameki.com\/wp-content\/uploads\/2025\/07\/cropped-1-scaled-1.png","width":512,"height":512,"caption":"restaurant-kirameki.com"},"image":{"@id":"https:\/\/restaurant-kirameki.com\/#\/schema\/logo\/image\/"},"sameAs":["https:\/\/www.facebook.com\/BenatonBeaune\/?locale=fr_FR","https:\/\/www.instagram.com\/lebenaton\/"]}]}},"_links":{"self":[{"href":"https:\/\/restaurant-kirameki.com\/en\/wp-json\/wp\/v2\/pages\/3394","targetHints":{"allow":["GET"]}}],"collection":[{"href":"https:\/\/restaurant-kirameki.com\/en\/wp-json\/wp\/v2\/pages"}],"about":[{"href":"https:\/\/restaurant-kirameki.com\/en\/wp-json\/wp\/v2\/types\/page"}],"author":[{"embeddable":true,"href":"https:\/\/restaurant-kirameki.com\/en\/wp-json\/wp\/v2\/users\/1"}],"replies":[{"embeddable":true,"href":"https:\/\/restaurant-kirameki.com\/en\/wp-json\/wp\/v2\/comments?post=3394"}],"version-history":[{"count":66,"href":"https:\/\/restaurant-kirameki.com\/en\/wp-json\/wp\/v2\/pages\/3394\/revisions"}],"predecessor-version":[{"id":5025,"href":"https:\/\/restaurant-kirameki.com\/en\/wp-json\/wp\/v2\/pages\/3394\/revisions\/5025"}],"wp:attachment":[{"href":"https:\/\/restaurant-kirameki.com\/en\/wp-json\/wp\/v2\/media?parent=3394"}],"curies":[{"name":"wp","href":"https:\/\/api.w.org\/{rel}","templated":true}]}}