{"id":4682,"date":"2025-08-10T23:54:07","date_gmt":"2025-08-10T21:54:07","guid":{"rendered":"https:\/\/restaurant-kirameki.com\/?page_id=4682"},"modified":"2026-03-31T12:18:19","modified_gmt":"2026-03-31T10:18:19","slug":"about","status":"publish","type":"page","link":"https:\/\/restaurant-kirameki.com\/en\/about\/","title":{"rendered":"About"},"content":{"rendered":"<div data-elementor-type=\"wp-page\" data-elementor-id=\"4682\" class=\"elementor elementor-4682\" data-elementor-post-type=\"page\">\n\t\t\t\t<div class=\"elementor-element elementor-element-eae2815 e-flex e-con-boxed e-con e-parent\" data-id=\"eae2815\" data-element_type=\"container\" data-e-type=\"container\">\n\t\t\t\t\t<div class=\"e-con-inner\">\n\t\t\t\t<div class=\"elementor-element elementor-element-86bb04e elementor-widget elementor-widget-spacer\" data-id=\"86bb04e\" data-element_type=\"widget\" data-e-type=\"widget\" data-widget_type=\"spacer.default\">\n\t\t\t\t\t\t\t<div class=\"elementor-spacer\">\n\t\t\t<div class=\"elementor-spacer-inner\"><\/div>\n\t\t<\/div>\n\t\t\t\t\t\t<\/div>\n\t\t\t\t\t<\/div>\n\t\t\t\t<\/div>\n\t\t\t\t<section class=\"elementor-section elementor-top-section elementor-element elementor-element-49d97da elementor-section-boxed elementor-section-height-default elementor-section-height-default\" data-id=\"49d97da\" data-element_type=\"section\" data-e-type=\"section\" data-settings=\"{&quot;background_background&quot;:&quot;classic&quot;}\">\n\t\t\t\t\t\t<div class=\"elementor-container elementor-column-gap-default\">\n\t\t\t\t\t<div class=\"elementor-column elementor-col-50 elementor-top-column elementor-element elementor-element-d2ddfa9\" data-id=\"d2ddfa9\" data-element_type=\"column\" data-e-type=\"column\">\n\t\t\t<div class=\"elementor-widget-wrap elementor-element-populated\">\n\t\t\t\t\t\t<div class=\"elementor-element elementor-element-d98106a elementor-widget elementor-widget-text-editor\" data-id=\"d98106a\" data-element_type=\"widget\" data-e-type=\"widget\" data-widget_type=\"text-editor.default\">\n\t\t\t\t\t\t\t\t\t<p data-start=\"161\" data-end=\"362\"><strong data-start=\"161\" data-end=\"360\">Located in the heart of Burgundy, just a stone's throw from the famous Hospices de Beaune, this gourmet restaurant in Beaune is a must for lovers of exceptional cuisine.<\/strong><\/p><p data-start=\"364\" data-end=\"563\">In a warm, elegant setting, the restaurant offers refined cuisine that subtly blends French flavors with Japanese finesse, under the guidance of talented chef Keishi Sugimura.<\/p><p data-start=\"565\" data-end=\"754\">Here, each plate tells a story of terroir, season and creativity, enhanced by a selection of wines carefully chosen from the finest Burgundy appellations.<\/p>\t\t\t\t\t\t\t\t<\/div>\n\t\t\t\t\t<\/div>\n\t\t<\/div>\n\t\t\t\t<div class=\"elementor-column elementor-col-50 elementor-top-column elementor-element elementor-element-2c28745\" data-id=\"2c28745\" data-element_type=\"column\" data-e-type=\"column\">\n\t\t\t<div class=\"elementor-widget-wrap elementor-element-populated\">\n\t\t\t\t\t\t<div class=\"elementor-element elementor-element-d86d480 elementor-widget elementor-widget-spacer\" data-id=\"d86d480\" data-element_type=\"widget\" data-e-type=\"widget\" data-widget_type=\"spacer.default\">\n\t\t\t\t\t\t\t<div class=\"elementor-spacer\">\n\t\t\t<div class=\"elementor-spacer-inner\"><\/div>\n\t\t<\/div>\n\t\t\t\t\t\t<\/div>\n\t\t\t\t<div class=\"elementor-element elementor-element-94ab6ab animated-fast elementor-widget__width-initial elementor-invisible elementor-widget elementor-widget-image\" data-id=\"94ab6ab\" data-element_type=\"widget\" data-e-type=\"widget\" data-settings=\"{&quot;_animation&quot;:&quot;fadeIn&quot;,&quot;_animation_delay&quot;:150}\" data-widget_type=\"image.default\">\n\t\t\t\t\t\t\t\t\t\t\t\t\t\t\t<img fetchpriority=\"high\" decoding=\"async\" width=\"850\" height=\"850\" src=\"https:\/\/restaurant-kirameki.com\/wp-content\/uploads\/2025\/08\/1286857.jpg\" class=\"attachment-full size-full wp-image-4737\" alt=\"\" \/>\t\t\t\t\t\t\t\t\t\t\t\t\t\t\t<\/div>\n\t\t\t\t<div class=\"elementor-element elementor-element-bd9b8a6 elementor-widget elementor-widget-spacer\" data-id=\"bd9b8a6\" data-element_type=\"widget\" data-e-type=\"widget\" data-widget_type=\"spacer.default\">\n\t\t\t\t\t\t\t<div class=\"elementor-spacer\">\n\t\t\t<div class=\"elementor-spacer-inner\"><\/div>\n\t\t<\/div>\n\t\t\t\t\t\t<\/div>\n\t\t\t\t\t<\/div>\n\t\t<\/div>\n\t\t\t\t\t<\/div>\n\t\t<\/section>\n\t\t<div class=\"elementor-element elementor-element-73cd312 e-flex e-con-boxed e-con e-parent\" data-id=\"73cd312\" data-element_type=\"container\" data-e-type=\"container\">\n\t\t\t\t\t<div class=\"e-con-inner\">\n\t\t\t\t<div class=\"elementor-element elementor-element-7541edf elementor-widget elementor-widget-spacer\" data-id=\"7541edf\" data-element_type=\"widget\" data-e-type=\"widget\" data-widget_type=\"spacer.default\">\n\t\t\t\t\t\t\t<div class=\"elementor-spacer\">\n\t\t\t<div class=\"elementor-spacer-inner\"><\/div>\n\t\t<\/div>\n\t\t\t\t\t\t<\/div>\n\t\t\t\t\t<\/div>\n\t\t\t\t<\/div>\n\t\t\t\t<section class=\"elementor-section elementor-top-section elementor-element elementor-element-38379e5c elementor-section-boxed elementor-section-height-default elementor-section-height-default\" data-id=\"38379e5c\" data-element_type=\"section\" data-e-type=\"section\" data-settings=\"{&quot;background_background&quot;:&quot;classic&quot;}\">\n\t\t\t\t\t\t<div class=\"elementor-container elementor-column-gap-default\">\n\t\t\t\t\t<div class=\"elementor-column elementor-col-50 elementor-top-column elementor-element elementor-element-16e58e22\" data-id=\"16e58e22\" data-element_type=\"column\" data-e-type=\"column\">\n\t\t\t<div class=\"elementor-widget-wrap elementor-element-populated\">\n\t\t\t\t\t\t<div class=\"elementor-element elementor-element-29092a56 elementor-widget elementor-widget-spacer\" data-id=\"29092a56\" data-element_type=\"widget\" data-e-type=\"widget\" data-widget_type=\"spacer.default\">\n\t\t\t\t\t\t\t<div class=\"elementor-spacer\">\n\t\t\t<div class=\"elementor-spacer-inner\"><\/div>\n\t\t<\/div>\n\t\t\t\t\t\t<\/div>\n\t\t\t\t<div class=\"elementor-element elementor-element-5ecb2ad5 animated-fast elementor-widget__width-initial elementor-invisible elementor-widget elementor-widget-image\" data-id=\"5ecb2ad5\" data-element_type=\"widget\" data-e-type=\"widget\" data-settings=\"{&quot;_animation&quot;:&quot;fadeIn&quot;,&quot;_animation_delay&quot;:150}\" data-widget_type=\"image.default\">\n\t\t\t\t\t\t\t\t\t\t\t\t\t\t\t<img decoding=\"async\" width=\"1600\" height=\"1076\" src=\"https:\/\/restaurant-kirameki.com\/wp-content\/uploads\/2025\/08\/1-scaled-1.jpg\" class=\"attachment-full size-full wp-image-4704\" alt=\"\" \/>\t\t\t\t\t\t\t\t\t\t\t\t\t\t\t<\/div>\n\t\t\t\t<div class=\"elementor-element elementor-element-11b55c8d elementor-widget elementor-widget-spacer\" data-id=\"11b55c8d\" data-element_type=\"widget\" data-e-type=\"widget\" data-widget_type=\"spacer.default\">\n\t\t\t\t\t\t\t<div class=\"elementor-spacer\">\n\t\t\t<div class=\"elementor-spacer-inner\"><\/div>\n\t\t<\/div>\n\t\t\t\t\t\t<\/div>\n\t\t\t\t\t<\/div>\n\t\t<\/div>\n\t\t\t\t<div class=\"elementor-column elementor-col-50 elementor-top-column elementor-element elementor-element-40ac744\" data-id=\"40ac744\" data-element_type=\"column\" data-e-type=\"column\">\n\t\t\t<div class=\"elementor-widget-wrap elementor-element-populated\">\n\t\t\t\t\t\t<div class=\"elementor-element elementor-element-2bd2308b elementor-widget elementor-widget-text-editor\" data-id=\"2bd2308b\" data-element_type=\"widget\" data-e-type=\"widget\" data-widget_type=\"text-editor.default\">\n\t\t\t\t\t\t\t\t\t<p data-start=\"180\" data-end=\"459\">Originally from Japan, Keishi Sugimura cultivates a deep passion for French gastronomy and the art of food and wine pairing. Trained by some of the greatest names in haute cuisine, he chose to settle in Beaune, in the heart of Burgundy, a land of excellence and tradition.<\/p><p data-start=\"461\" data-end=\"781\">At the crossroads of cultures, he develops a singular cuisine, where Japanese finesse meets the demands of French cuisine. Vice-champion of the P\u00e2t\u00e9 en Cro\u00fbte World Championship in 2013, he now offers seasonal, creative and elegant cuisine, where each plate expresses precision, balance and attention to detail.<\/p>\t\t\t\t\t\t\t\t<\/div>\n\t\t\t\t\t<\/div>\n\t\t<\/div>\n\t\t\t\t\t<\/div>\n\t\t<\/section>\n\t\t\t\t<\/div>","protected":false},"excerpt":{"rendered":"<p>Situ\u00e9 au c\u0153ur de la Bourgogne, \u00e0 deux pas des c\u00e9l\u00e8bres Hospices de Beaune, ce restaurant gastronomique \u00e0 Beaune s\u2019impose comme une adresse incontournable pour les amateurs de cuisine d\u2019exception. Dans un cadre \u00e9l\u00e9gant et chaleureux, l\u2019\u00e9tablissement propose une cuisine [&hellip;]<\/p>\n","protected":false},"author":1,"featured_media":0,"parent":0,"menu_order":0,"comment_status":"closed","ping_status":"closed","template":"","meta":{"footnotes":""},"class_list":["post-4682","page","type-page","status-publish","hentry"],"yoast_head":"<!-- This site is optimized with the Yoast SEO plugin v27.3 - https:\/\/yoast.com\/product\/yoast-seo-wordpress\/ -->\n<title>\u00c0 propos - restaurant-kirameki.com<\/title>\n<meta name=\"robots\" content=\"index, follow, max-snippet:-1, max-image-preview:large, max-video-preview:-1\" \/>\n<link rel=\"canonical\" href=\"https:\/\/restaurant-kirameki.com\/en\/about\/\" \/>\n<meta property=\"og:locale\" content=\"en_US\" \/>\n<meta property=\"og:type\" content=\"article\" \/>\n<meta property=\"og:title\" content=\"\u00c0 propos - restaurant-kirameki.com\" \/>\n<meta property=\"og:description\" content=\"Situ\u00e9 au c\u0153ur de la Bourgogne, \u00e0 deux pas des c\u00e9l\u00e8bres Hospices de Beaune, ce restaurant gastronomique \u00e0 Beaune s\u2019impose comme une adresse incontournable pour les amateurs de cuisine d\u2019exception. Dans un cadre \u00e9l\u00e9gant et chaleureux, l\u2019\u00e9tablissement propose une cuisine [&hellip;]\" \/>\n<meta property=\"og:url\" content=\"https:\/\/restaurant-kirameki.com\/en\/about\/\" \/>\n<meta property=\"og:site_name\" content=\"restaurant-kirameki.com\" \/>\n<meta property=\"article:publisher\" content=\"https:\/\/www.facebook.com\/BenatonBeaune\/?locale=fr_FR\" \/>\n<meta property=\"article:modified_time\" content=\"2026-03-31T10:18:19+00:00\" \/>\n<meta property=\"og:image\" content=\"https:\/\/restaurant-kirameki.com\/wp-content\/uploads\/2025\/08\/1286857.jpg\" \/>\n\t<meta property=\"og:image:width\" content=\"850\" \/>\n\t<meta property=\"og:image:height\" content=\"850\" \/>\n\t<meta property=\"og:image:type\" content=\"image\/jpeg\" \/>\n<meta name=\"twitter:card\" content=\"summary_large_image\" \/>\n<meta name=\"twitter:label1\" content=\"Est. reading time\" \/>\n\t<meta name=\"twitter:data1\" content=\"1 minute\" \/>\n<script type=\"application\/ld+json\" class=\"yoast-schema-graph\">{\"@context\":\"https:\\\/\\\/schema.org\",\"@graph\":[{\"@type\":\"WebPage\",\"@id\":\"https:\\\/\\\/restaurant-kirameki.com\\\/about\\\/\",\"url\":\"https:\\\/\\\/restaurant-kirameki.com\\\/about\\\/\",\"name\":\"\u00c0 propos - restaurant-kirameki.com\",\"isPartOf\":{\"@id\":\"https:\\\/\\\/restaurant-kirameki.com\\\/#website\"},\"primaryImageOfPage\":{\"@id\":\"https:\\\/\\\/restaurant-kirameki.com\\\/about\\\/#primaryimage\"},\"image\":{\"@id\":\"https:\\\/\\\/restaurant-kirameki.com\\\/about\\\/#primaryimage\"},\"thumbnailUrl\":\"https:\\\/\\\/restaurant-kirameki.com\\\/wp-content\\\/uploads\\\/2025\\\/08\\\/1286857.jpg\",\"datePublished\":\"2025-08-10T21:54:07+00:00\",\"dateModified\":\"2026-03-31T10:18:19+00:00\",\"breadcrumb\":{\"@id\":\"https:\\\/\\\/restaurant-kirameki.com\\\/about\\\/#breadcrumb\"},\"inLanguage\":\"en-US\",\"potentialAction\":[{\"@type\":\"ReadAction\",\"target\":[\"https:\\\/\\\/restaurant-kirameki.com\\\/about\\\/\"]}]},{\"@type\":\"ImageObject\",\"inLanguage\":\"en-US\",\"@id\":\"https:\\\/\\\/restaurant-kirameki.com\\\/about\\\/#primaryimage\",\"url\":\"https:\\\/\\\/restaurant-kirameki.com\\\/wp-content\\\/uploads\\\/2025\\\/08\\\/1286857.jpg\",\"contentUrl\":\"https:\\\/\\\/restaurant-kirameki.com\\\/wp-content\\\/uploads\\\/2025\\\/08\\\/1286857.jpg\"},{\"@type\":\"BreadcrumbList\",\"@id\":\"https:\\\/\\\/restaurant-kirameki.com\\\/about\\\/#breadcrumb\",\"itemListElement\":[{\"@type\":\"ListItem\",\"position\":1,\"name\":\"Home\",\"item\":\"https:\\\/\\\/restaurant-kirameki.com\\\/\"},{\"@type\":\"ListItem\",\"position\":2,\"name\":\"\u00c0 propos\"}]},{\"@type\":\"WebSite\",\"@id\":\"https:\\\/\\\/restaurant-kirameki.com\\\/#website\",\"url\":\"https:\\\/\\\/restaurant-kirameki.com\\\/\",\"name\":\"restaurant-kirameki.com\",\"description\":\"Restaurant gastronomique Bourguignon \u00e0 Beaune\",\"publisher\":{\"@id\":\"https:\\\/\\\/restaurant-kirameki.com\\\/#organization\"},\"potentialAction\":[{\"@type\":\"SearchAction\",\"target\":{\"@type\":\"EntryPoint\",\"urlTemplate\":\"https:\\\/\\\/restaurant-kirameki.com\\\/?s={search_term_string}\"},\"query-input\":{\"@type\":\"PropertyValueSpecification\",\"valueRequired\":true,\"valueName\":\"search_term_string\"}}],\"inLanguage\":\"en-US\"},{\"@type\":\"Organization\",\"@id\":\"https:\\\/\\\/restaurant-kirameki.com\\\/#organization\",\"name\":\"restaurant-kirameki.com\",\"url\":\"https:\\\/\\\/restaurant-kirameki.com\\\/\",\"logo\":{\"@type\":\"ImageObject\",\"inLanguage\":\"en-US\",\"@id\":\"https:\\\/\\\/restaurant-kirameki.com\\\/#\\\/schema\\\/logo\\\/image\\\/\",\"url\":\"https:\\\/\\\/restaurant-kirameki.com\\\/wp-content\\\/uploads\\\/2025\\\/07\\\/cropped-1-scaled-1.png\",\"contentUrl\":\"https:\\\/\\\/restaurant-kirameki.com\\\/wp-content\\\/uploads\\\/2025\\\/07\\\/cropped-1-scaled-1.png\",\"width\":512,\"height\":512,\"caption\":\"restaurant-kirameki.com\"},\"image\":{\"@id\":\"https:\\\/\\\/restaurant-kirameki.com\\\/#\\\/schema\\\/logo\\\/image\\\/\"},\"sameAs\":[\"https:\\\/\\\/www.facebook.com\\\/BenatonBeaune\\\/?locale=fr_FR\",\"https:\\\/\\\/www.instagram.com\\\/lebenaton\\\/\"]}]}<\/script>\n<!-- \/ Yoast SEO plugin. -->","yoast_head_json":{"title":"\u00c0 propos - restaurant-kirameki.com","robots":{"index":"index","follow":"follow","max-snippet":"max-snippet:-1","max-image-preview":"max-image-preview:large","max-video-preview":"max-video-preview:-1"},"canonical":"https:\/\/restaurant-kirameki.com\/en\/about\/","og_locale":"en_US","og_type":"article","og_title":"\u00c0 propos - restaurant-kirameki.com","og_description":"Situ\u00e9 au c\u0153ur de la Bourgogne, \u00e0 deux pas des c\u00e9l\u00e8bres Hospices de Beaune, ce restaurant gastronomique \u00e0 Beaune s\u2019impose comme une adresse incontournable pour les amateurs de cuisine d\u2019exception. Dans un cadre \u00e9l\u00e9gant et chaleureux, l\u2019\u00e9tablissement propose une cuisine [&hellip;]","og_url":"https:\/\/restaurant-kirameki.com\/en\/about\/","og_site_name":"restaurant-kirameki.com","article_publisher":"https:\/\/www.facebook.com\/BenatonBeaune\/?locale=fr_FR","article_modified_time":"2026-03-31T10:18:19+00:00","og_image":[{"width":850,"height":850,"url":"https:\/\/restaurant-kirameki.com\/wp-content\/uploads\/2025\/08\/1286857.jpg","type":"image\/jpeg"}],"twitter_card":"summary_large_image","twitter_misc":{"Est. reading time":"1 minute"},"schema":{"@context":"https:\/\/schema.org","@graph":[{"@type":"WebPage","@id":"https:\/\/restaurant-kirameki.com\/about\/","url":"https:\/\/restaurant-kirameki.com\/about\/","name":"\u00c0 propos - restaurant-kirameki.com","isPartOf":{"@id":"https:\/\/restaurant-kirameki.com\/#website"},"primaryImageOfPage":{"@id":"https:\/\/restaurant-kirameki.com\/about\/#primaryimage"},"image":{"@id":"https:\/\/restaurant-kirameki.com\/about\/#primaryimage"},"thumbnailUrl":"https:\/\/restaurant-kirameki.com\/wp-content\/uploads\/2025\/08\/1286857.jpg","datePublished":"2025-08-10T21:54:07+00:00","dateModified":"2026-03-31T10:18:19+00:00","breadcrumb":{"@id":"https:\/\/restaurant-kirameki.com\/about\/#breadcrumb"},"inLanguage":"en-US","potentialAction":[{"@type":"ReadAction","target":["https:\/\/restaurant-kirameki.com\/about\/"]}]},{"@type":"ImageObject","inLanguage":"en-US","@id":"https:\/\/restaurant-kirameki.com\/about\/#primaryimage","url":"https:\/\/restaurant-kirameki.com\/wp-content\/uploads\/2025\/08\/1286857.jpg","contentUrl":"https:\/\/restaurant-kirameki.com\/wp-content\/uploads\/2025\/08\/1286857.jpg"},{"@type":"BreadcrumbList","@id":"https:\/\/restaurant-kirameki.com\/about\/#breadcrumb","itemListElement":[{"@type":"ListItem","position":1,"name":"Home","item":"https:\/\/restaurant-kirameki.com\/"},{"@type":"ListItem","position":2,"name":"\u00c0 propos"}]},{"@type":"WebSite","@id":"https:\/\/restaurant-kirameki.com\/#website","url":"https:\/\/restaurant-kirameki.com\/","name":"restaurant-kirameki.com","description":"Restaurant gastronomique Bourguignon \u00e0 Beaune","publisher":{"@id":"https:\/\/restaurant-kirameki.com\/#organization"},"potentialAction":[{"@type":"SearchAction","target":{"@type":"EntryPoint","urlTemplate":"https:\/\/restaurant-kirameki.com\/?s={search_term_string}"},"query-input":{"@type":"PropertyValueSpecification","valueRequired":true,"valueName":"search_term_string"}}],"inLanguage":"en-US"},{"@type":"Organization","@id":"https:\/\/restaurant-kirameki.com\/#organization","name":"restaurant-kirameki.com","url":"https:\/\/restaurant-kirameki.com\/","logo":{"@type":"ImageObject","inLanguage":"en-US","@id":"https:\/\/restaurant-kirameki.com\/#\/schema\/logo\/image\/","url":"https:\/\/restaurant-kirameki.com\/wp-content\/uploads\/2025\/07\/cropped-1-scaled-1.png","contentUrl":"https:\/\/restaurant-kirameki.com\/wp-content\/uploads\/2025\/07\/cropped-1-scaled-1.png","width":512,"height":512,"caption":"restaurant-kirameki.com"},"image":{"@id":"https:\/\/restaurant-kirameki.com\/#\/schema\/logo\/image\/"},"sameAs":["https:\/\/www.facebook.com\/BenatonBeaune\/?locale=fr_FR","https:\/\/www.instagram.com\/lebenaton\/"]}]}},"_links":{"self":[{"href":"https:\/\/restaurant-kirameki.com\/en\/wp-json\/wp\/v2\/pages\/4682","targetHints":{"allow":["GET"]}}],"collection":[{"href":"https:\/\/restaurant-kirameki.com\/en\/wp-json\/wp\/v2\/pages"}],"about":[{"href":"https:\/\/restaurant-kirameki.com\/en\/wp-json\/wp\/v2\/types\/page"}],"author":[{"embeddable":true,"href":"https:\/\/restaurant-kirameki.com\/en\/wp-json\/wp\/v2\/users\/1"}],"replies":[{"embeddable":true,"href":"https:\/\/restaurant-kirameki.com\/en\/wp-json\/wp\/v2\/comments?post=4682"}],"version-history":[{"count":25,"href":"https:\/\/restaurant-kirameki.com\/en\/wp-json\/wp\/v2\/pages\/4682\/revisions"}],"predecessor-version":[{"id":5356,"href":"https:\/\/restaurant-kirameki.com\/en\/wp-json\/wp\/v2\/pages\/4682\/revisions\/5356"}],"wp:attachment":[{"href":"https:\/\/restaurant-kirameki.com\/en\/wp-json\/wp\/v2\/media?parent=4682"}],"curies":[{"name":"wp","href":"https:\/\/api.w.org\/{rel}","templated":true}]}}