{"id":4786,"date":"2025-08-11T16:06:56","date_gmt":"2025-08-11T14:06:56","guid":{"rendered":"https:\/\/restaurant-kirameki.com\/?page_id=4786"},"modified":"2026-03-31T12:22:12","modified_gmt":"2026-03-31T10:22:12","slug":"reservation-duplicate","status":"publish","type":"page","link":"https:\/\/restaurant-kirameki.com\/en\/reservation-duplicate\/","title":{"rendered":"The cellar"},"content":{"rendered":"<div data-elementor-type=\"wp-page\" data-elementor-id=\"4786\" class=\"elementor elementor-4786\" data-elementor-post-type=\"page\">\n\t\t\t\t\t\t<section class=\"elementor-section elementor-top-section elementor-element elementor-element-c509d36 elementor-section-height-full elementor-section-stretched elementor-section-full_width elementor-section-height-default elementor-section-items-middle\" data-id=\"c509d36\" data-element_type=\"section\" data-e-type=\"section\" data-settings=\"{&quot;stretch_section&quot;:&quot;section-stretched&quot;,&quot;background_background&quot;:&quot;classic&quot;}\">\n\t\t\t\t\t\t\t<div class=\"elementor-background-overlay\"><\/div>\n\t\t\t\t\t\t\t<div class=\"elementor-container elementor-column-gap-default\">\n\t\t\t\t\t<div class=\"elementor-column elementor-col-100 elementor-top-column elementor-element elementor-element-ba3ebc1\" data-id=\"ba3ebc1\" data-element_type=\"column\" data-e-type=\"column\">\n\t\t\t<div class=\"elementor-widget-wrap elementor-element-populated\">\n\t\t\t\t\t\t<div class=\"elementor-element elementor-element-ee764b8 elementor-align-center elementor-widget__width-initial elementor-widget elementor-widget-button\" data-id=\"ee764b8\" data-element_type=\"widget\" data-e-type=\"widget\" data-widget_type=\"button.default\">\n\t\t\t\t\t\t\t\t\t\t<a class=\"elementor-button elementor-button-link elementor-size-sm\" href=\"http:\/\/restaurant-kirameki.com\/wp-content\/uploads\/2025\/08\/cave.pdf\" men=\"\" id=\"menu\">\n\t\t\t\t\t\t<span class=\"elementor-button-content-wrapper\">\n\t\t\t\t\t\t\t\t\t<span class=\"elementor-button-text\">Menu<\/span>\n\t\t\t\t\t<\/span>\n\t\t\t\t\t<\/a>\n\t\t\t\t\t\t\t\t<\/div>\n\t\t\t\t\t<\/div>\n\t\t<\/div>\n\t\t\t\t\t<\/div>\n\t\t<\/section>\n\t\t<div class=\"elementor-element elementor-element-f881c8f e-flex e-con-boxed e-con e-parent\" data-id=\"f881c8f\" data-element_type=\"container\" data-e-type=\"container\">\n\t\t\t\t\t<div class=\"e-con-inner\">\n\t\t\t\t<div class=\"elementor-element elementor-element-4cb057c elementor-widget elementor-widget-spacer\" data-id=\"4cb057c\" data-element_type=\"widget\" data-e-type=\"widget\" data-widget_type=\"spacer.default\">\n\t\t\t\t\t\t\t<div class=\"elementor-spacer\">\n\t\t\t<div class=\"elementor-spacer-inner\"><\/div>\n\t\t<\/div>\n\t\t\t\t\t\t<\/div>\n\t\t\t\t\t<\/div>\n\t\t\t\t<\/div>\n\t\t\t\t<\/div>","protected":false},"excerpt":{"rendered":"<p>Notre cave V\u00e9ritable \u00e9crin pour les tr\u00e9sors viticoles de la Bourgogne, notre cave abrite une s\u00e9lection exceptionnelle de crus locaux et de grands vins fran\u00e7ais. Chaque bouteille a \u00e9t\u00e9 choisie avec soin pour accompagner et sublimer nos plats, en harmonie [&hellip;]<\/p>\n","protected":false},"author":1,"featured_media":0,"parent":0,"menu_order":0,"comment_status":"closed","ping_status":"closed","template":"","meta":{"footnotes":""},"class_list":["post-4786","page","type-page","status-publish","hentry"],"yoast_head":"<!-- This site is optimized with the Yoast SEO plugin v27.3 - https:\/\/yoast.com\/product\/yoast-seo-wordpress\/ -->\n<title>Cave &amp; vins de Bourgogne \u00e0 Beaune | Restaurant gastronomique<\/title>\n<meta name=\"description\" content=\"D\u00e9couvrez la cave de notre restaurant gastronomique \u00e0 Beaune : une s\u00e9lection de vins de Bourgogne soigneusement choisis pour sublimer chaque plat.\" \/>\n<meta name=\"robots\" content=\"index, follow, max-snippet:-1, max-image-preview:large, max-video-preview:-1\" \/>\n<link rel=\"canonical\" href=\"https:\/\/restaurant-kirameki.com\/en\/reservation-duplicate\/\" \/>\n<meta property=\"og:locale\" content=\"en_US\" \/>\n<meta property=\"og:type\" content=\"article\" \/>\n<meta property=\"og:title\" content=\"Cave &amp; vins de Bourgogne \u00e0 Beaune | Restaurant gastronomique\" \/>\n<meta property=\"og:description\" content=\"D\u00e9couvrez la cave de notre restaurant gastronomique \u00e0 Beaune : une s\u00e9lection de vins de Bourgogne soigneusement choisis pour sublimer chaque plat.\" \/>\n<meta property=\"og:url\" content=\"https:\/\/restaurant-kirameki.com\/en\/reservation-duplicate\/\" \/>\n<meta property=\"og:site_name\" content=\"restaurant-kirameki.com\" \/>\n<meta property=\"article:publisher\" content=\"https:\/\/www.facebook.com\/BenatonBeaune\/?locale=fr_FR\" \/>\n<meta property=\"article:modified_time\" content=\"2026-03-31T10:22:12+00:00\" \/>\n<meta name=\"twitter:card\" content=\"summary_large_image\" \/>\n<meta name=\"twitter:label1\" content=\"Est. reading time\" \/>\n\t<meta name=\"twitter:data1\" content=\"1 minute\" \/>\n<script type=\"application\/ld+json\" class=\"yoast-schema-graph\">{\"@context\":\"https:\\\/\\\/schema.org\",\"@graph\":[{\"@type\":\"WebPage\",\"@id\":\"https:\\\/\\\/restaurant-kirameki.com\\\/reservation-duplicate\\\/\",\"url\":\"https:\\\/\\\/restaurant-kirameki.com\\\/reservation-duplicate\\\/\",\"name\":\"Cave & vins de Bourgogne \u00e0 Beaune | Restaurant gastronomique\",\"isPartOf\":{\"@id\":\"https:\\\/\\\/restaurant-kirameki.com\\\/#website\"},\"datePublished\":\"2025-08-11T14:06:56+00:00\",\"dateModified\":\"2026-03-31T10:22:12+00:00\",\"description\":\"D\u00e9couvrez la cave de notre restaurant gastronomique \u00e0 Beaune : une s\u00e9lection de vins de Bourgogne soigneusement choisis pour sublimer chaque plat.\",\"breadcrumb\":{\"@id\":\"https:\\\/\\\/restaurant-kirameki.com\\\/reservation-duplicate\\\/#breadcrumb\"},\"inLanguage\":\"en-US\",\"potentialAction\":[{\"@type\":\"ReadAction\",\"target\":[\"https:\\\/\\\/restaurant-kirameki.com\\\/reservation-duplicate\\\/\"]}]},{\"@type\":\"BreadcrumbList\",\"@id\":\"https:\\\/\\\/restaurant-kirameki.com\\\/reservation-duplicate\\\/#breadcrumb\",\"itemListElement\":[{\"@type\":\"ListItem\",\"position\":1,\"name\":\"Home\",\"item\":\"https:\\\/\\\/restaurant-kirameki.com\\\/\"},{\"@type\":\"ListItem\",\"position\":2,\"name\":\"La cave\"}]},{\"@type\":\"WebSite\",\"@id\":\"https:\\\/\\\/restaurant-kirameki.com\\\/#website\",\"url\":\"https:\\\/\\\/restaurant-kirameki.com\\\/\",\"name\":\"restaurant-kirameki.com\",\"description\":\"Restaurant gastronomique Bourguignon \u00e0 Beaune\",\"publisher\":{\"@id\":\"https:\\\/\\\/restaurant-kirameki.com\\\/#organization\"},\"potentialAction\":[{\"@type\":\"SearchAction\",\"target\":{\"@type\":\"EntryPoint\",\"urlTemplate\":\"https:\\\/\\\/restaurant-kirameki.com\\\/?s={search_term_string}\"},\"query-input\":{\"@type\":\"PropertyValueSpecification\",\"valueRequired\":true,\"valueName\":\"search_term_string\"}}],\"inLanguage\":\"en-US\"},{\"@type\":\"Organization\",\"@id\":\"https:\\\/\\\/restaurant-kirameki.com\\\/#organization\",\"name\":\"restaurant-kirameki.com\",\"url\":\"https:\\\/\\\/restaurant-kirameki.com\\\/\",\"logo\":{\"@type\":\"ImageObject\",\"inLanguage\":\"en-US\",\"@id\":\"https:\\\/\\\/restaurant-kirameki.com\\\/#\\\/schema\\\/logo\\\/image\\\/\",\"url\":\"https:\\\/\\\/restaurant-kirameki.com\\\/wp-content\\\/uploads\\\/2025\\\/07\\\/cropped-1-scaled-1.png\",\"contentUrl\":\"https:\\\/\\\/restaurant-kirameki.com\\\/wp-content\\\/uploads\\\/2025\\\/07\\\/cropped-1-scaled-1.png\",\"width\":512,\"height\":512,\"caption\":\"restaurant-kirameki.com\"},\"image\":{\"@id\":\"https:\\\/\\\/restaurant-kirameki.com\\\/#\\\/schema\\\/logo\\\/image\\\/\"},\"sameAs\":[\"https:\\\/\\\/www.facebook.com\\\/BenatonBeaune\\\/?locale=fr_FR\",\"https:\\\/\\\/www.instagram.com\\\/lebenaton\\\/\"]}]}<\/script>\n<!-- \/ Yoast SEO plugin. -->","yoast_head_json":{"title":"Cave & vins de Bourgogne \u00e0 Beaune | Restaurant gastronomique","description":"D\u00e9couvrez la cave de notre restaurant gastronomique \u00e0 Beaune : une s\u00e9lection de vins de Bourgogne soigneusement choisis pour sublimer chaque plat.","robots":{"index":"index","follow":"follow","max-snippet":"max-snippet:-1","max-image-preview":"max-image-preview:large","max-video-preview":"max-video-preview:-1"},"canonical":"https:\/\/restaurant-kirameki.com\/en\/reservation-duplicate\/","og_locale":"en_US","og_type":"article","og_title":"Cave & vins de Bourgogne \u00e0 Beaune | Restaurant gastronomique","og_description":"D\u00e9couvrez la cave de notre restaurant gastronomique \u00e0 Beaune : une s\u00e9lection de vins de Bourgogne soigneusement choisis pour sublimer chaque plat.","og_url":"https:\/\/restaurant-kirameki.com\/en\/reservation-duplicate\/","og_site_name":"restaurant-kirameki.com","article_publisher":"https:\/\/www.facebook.com\/BenatonBeaune\/?locale=fr_FR","article_modified_time":"2026-03-31T10:22:12+00:00","twitter_card":"summary_large_image","twitter_misc":{"Est. reading time":"1 minute"},"schema":{"@context":"https:\/\/schema.org","@graph":[{"@type":"WebPage","@id":"https:\/\/restaurant-kirameki.com\/reservation-duplicate\/","url":"https:\/\/restaurant-kirameki.com\/reservation-duplicate\/","name":"Cave & vins de Bourgogne \u00e0 Beaune | Restaurant gastronomique","isPartOf":{"@id":"https:\/\/restaurant-kirameki.com\/#website"},"datePublished":"2025-08-11T14:06:56+00:00","dateModified":"2026-03-31T10:22:12+00:00","description":"D\u00e9couvrez la cave de notre restaurant gastronomique \u00e0 Beaune : une s\u00e9lection de vins de Bourgogne soigneusement choisis pour sublimer chaque plat.","breadcrumb":{"@id":"https:\/\/restaurant-kirameki.com\/reservation-duplicate\/#breadcrumb"},"inLanguage":"en-US","potentialAction":[{"@type":"ReadAction","target":["https:\/\/restaurant-kirameki.com\/reservation-duplicate\/"]}]},{"@type":"BreadcrumbList","@id":"https:\/\/restaurant-kirameki.com\/reservation-duplicate\/#breadcrumb","itemListElement":[{"@type":"ListItem","position":1,"name":"Home","item":"https:\/\/restaurant-kirameki.com\/"},{"@type":"ListItem","position":2,"name":"La cave"}]},{"@type":"WebSite","@id":"https:\/\/restaurant-kirameki.com\/#website","url":"https:\/\/restaurant-kirameki.com\/","name":"restaurant-kirameki.com","description":"Restaurant gastronomique Bourguignon \u00e0 Beaune","publisher":{"@id":"https:\/\/restaurant-kirameki.com\/#organization"},"potentialAction":[{"@type":"SearchAction","target":{"@type":"EntryPoint","urlTemplate":"https:\/\/restaurant-kirameki.com\/?s={search_term_string}"},"query-input":{"@type":"PropertyValueSpecification","valueRequired":true,"valueName":"search_term_string"}}],"inLanguage":"en-US"},{"@type":"Organization","@id":"https:\/\/restaurant-kirameki.com\/#organization","name":"restaurant-kirameki.com","url":"https:\/\/restaurant-kirameki.com\/","logo":{"@type":"ImageObject","inLanguage":"en-US","@id":"https:\/\/restaurant-kirameki.com\/#\/schema\/logo\/image\/","url":"https:\/\/restaurant-kirameki.com\/wp-content\/uploads\/2025\/07\/cropped-1-scaled-1.png","contentUrl":"https:\/\/restaurant-kirameki.com\/wp-content\/uploads\/2025\/07\/cropped-1-scaled-1.png","width":512,"height":512,"caption":"restaurant-kirameki.com"},"image":{"@id":"https:\/\/restaurant-kirameki.com\/#\/schema\/logo\/image\/"},"sameAs":["https:\/\/www.facebook.com\/BenatonBeaune\/?locale=fr_FR","https:\/\/www.instagram.com\/lebenaton\/"]}]}},"_links":{"self":[{"href":"https:\/\/restaurant-kirameki.com\/en\/wp-json\/wp\/v2\/pages\/4786","targetHints":{"allow":["GET"]}}],"collection":[{"href":"https:\/\/restaurant-kirameki.com\/en\/wp-json\/wp\/v2\/pages"}],"about":[{"href":"https:\/\/restaurant-kirameki.com\/en\/wp-json\/wp\/v2\/types\/page"}],"author":[{"embeddable":true,"href":"https:\/\/restaurant-kirameki.com\/en\/wp-json\/wp\/v2\/users\/1"}],"replies":[{"embeddable":true,"href":"https:\/\/restaurant-kirameki.com\/en\/wp-json\/wp\/v2\/comments?post=4786"}],"version-history":[{"count":26,"href":"https:\/\/restaurant-kirameki.com\/en\/wp-json\/wp\/v2\/pages\/4786\/revisions"}],"predecessor-version":[{"id":5001,"href":"https:\/\/restaurant-kirameki.com\/en\/wp-json\/wp\/v2\/pages\/4786\/revisions\/5001"}],"wp:attachment":[{"href":"https:\/\/restaurant-kirameki.com\/en\/wp-json\/wp\/v2\/media?parent=4786"}],"curies":[{"name":"wp","href":"https:\/\/api.w.org\/{rel}","templated":true}]}}