{"id":5440,"date":"2026-04-09T16:32:01","date_gmt":"2026-04-09T14:32:01","guid":{"rendered":"https:\/\/restaurant-kirameki.com\/?page_id=5440"},"modified":"2026-04-09T16:44:49","modified_gmt":"2026-04-09T14:44:49","slug":"politique-de-confidentialite","status":"publish","type":"page","link":"https:\/\/restaurant-kirameki.com\/en\/politique-de-confidentialite\/","title":{"rendered":"Politique de confidentialit\u00e9"},"content":{"rendered":"<div data-elementor-type=\"wp-page\" data-elementor-id=\"5440\" class=\"elementor elementor-5440\" data-elementor-post-type=\"page\">\n\t\t\t\t<div class=\"elementor-element elementor-element-dae956b e-flex e-con-boxed e-con e-parent\" data-id=\"dae956b\" data-element_type=\"container\" data-e-type=\"container\">\n\t\t\t\t\t<div class=\"e-con-inner\">\n\t\t\t\t<div class=\"elementor-element elementor-element-43d5342 elementor-widget elementor-widget-text-editor\" data-id=\"43d5342\" data-element_type=\"widget\" data-e-type=\"widget\" data-widget_type=\"text-editor.default\">\n\t\t\t\t\t\t\t\t\t<h1 data-section-id=\"k198w7\" data-start=\"331\" data-end=\"361\">Politique de confidentialit\u00e9<\/h1><h2 data-section-id=\"xgfogq\" data-start=\"363\" data-end=\"381\">1. Introduction<\/h2><p data-start=\"382\" data-end=\"621\">La pr\u00e9sente politique de confidentialit\u00e9 a pour objectif d\u2019informer les utilisateurs du site du restaurant Kerameki sur la mani\u00e8re dont leurs donn\u00e9es personnelles sont collect\u00e9es, utilis\u00e9es et prot\u00e9g\u00e9es lors de leur navigation sur le site.<\/p><p data-start=\"623\" data-end=\"860\">Nous accordons une importance particuli\u00e8re \u00e0 la protection de votre vie priv\u00e9e et nous nous engageons \u00e0 traiter vos donn\u00e9es conform\u00e9ment \u00e0 la r\u00e9glementation en vigueur, notamment le R\u00e8glement G\u00e9n\u00e9ral sur la Protection des Donn\u00e9es (RGPD).<\/p><hr data-start=\"862\" data-end=\"865\" \/><h2 data-section-id=\"18y7v0v\" data-start=\"867\" data-end=\"910\">2. Responsable du traitement des donn\u00e9es<\/h2><p data-start=\"911\" data-end=\"978\">Les donn\u00e9es personnelles collect\u00e9es sur ce site sont trait\u00e9es par :<\/p><p data-start=\"980\" data-end=\"1192\"><strong data-start=\"980\" data-end=\"994\">SASIS SARL<\/strong><br data-start=\"994\" data-end=\"997\" \/>SIREN : 811 766 351<br data-start=\"1016\" data-end=\"1019\" \/>Adresse : 25 Rue du Faubourg Bretonni\u00e8re, 21200 Beaune, France<br data-start=\"1081\" data-end=\"1084\" \/>Activit\u00e9 : restauration traditionnelle et organisation d\u2019\u00e9v\u00e8nements.<\/p><p data-start=\"1194\" data-end=\"1249\">Le responsable du traitement est la soci\u00e9t\u00e9 SASIS SARL.<\/p><hr data-start=\"1251\" data-end=\"1254\" \/><h2 data-section-id=\"8mh8at\" data-start=\"1256\" data-end=\"1293\">3. Donn\u00e9es personnelles collect\u00e9es<\/h2><p data-start=\"1294\" data-end=\"1407\">Nous pouvons \u00eatre amen\u00e9s \u00e0 collecter certaines donn\u00e9es personnelles lorsque vous utilisez notre site, notamment :<\/p><ul data-start=\"1409\" data-end=\"1616\"><li data-section-id=\"xq2hqq\" data-start=\"1409\" data-end=\"1426\">Nom et pr\u00e9nom<\/li><li data-section-id=\"l6tjby\" data-start=\"1427\" data-end=\"1445\">Adresse e-mail<\/li><li data-section-id=\"1m5x4nj\" data-start=\"1446\" data-end=\"1469\">Num\u00e9ro de t\u00e9l\u00e9phone<\/li><li data-section-id=\"1t1h9ph\" data-start=\"1470\" data-end=\"1546\">Informations transmises via les formulaires de contact ou de r\u00e9servation<\/li><li data-section-id=\"1yqqq2l\" data-start=\"1547\" data-end=\"1616\">Donn\u00e9es de navigation (adresse IP, cookies, statistiques de visite)<\/li><\/ul><p data-start=\"1618\" data-end=\"1740\">Ces donn\u00e9es sont collect\u00e9es uniquement lorsque vous les fournissez volontairement ou lors de votre navigation sur le site.<\/p><hr data-start=\"1742\" data-end=\"1745\" \/><h2 data-section-id=\"lsbn8l\" data-start=\"1747\" data-end=\"1789\">4. Finalit\u00e9s de la collecte des donn\u00e9es<\/h2><p data-start=\"1790\" data-end=\"1855\">Les donn\u00e9es personnelles collect\u00e9es peuvent \u00eatre utilis\u00e9es pour :<\/p><ul data-start=\"1857\" data-end=\"2105\"><li data-section-id=\"itczm4\" data-start=\"1857\" data-end=\"1913\">r\u00e9pondre \u00e0 vos demandes via le formulaire de contact<\/li><li data-section-id=\"1wv39iv\" data-start=\"1914\" data-end=\"1967\">g\u00e9rer les r\u00e9servations ou demandes d\u2019informations<\/li><li data-section-id=\"buil8a\" data-start=\"1968\" data-end=\"2018\">am\u00e9liorer l\u2019exp\u00e9rience utilisateur sur le site<\/li><li data-section-id=\"1dgcv1u\" data-start=\"2019\" data-end=\"2075\">analyser le trafic et les statistiques de navigation<\/li><li data-section-id=\"1qj8oas\" data-start=\"2076\" data-end=\"2105\">assurer la s\u00e9curit\u00e9 du site<\/li><\/ul><hr data-start=\"2107\" data-end=\"2110\" \/><h2 data-section-id=\"jzxnkr\" data-start=\"2112\" data-end=\"2151\">5. Dur\u00e9e de conservation des donn\u00e9es<\/h2><p data-start=\"2152\" data-end=\"2321\">Les donn\u00e9es personnelles sont conserv\u00e9es uniquement pendant la dur\u00e9e n\u00e9cessaire aux finalit\u00e9s pour lesquelles elles ont \u00e9t\u00e9 collect\u00e9es, sauf obligation l\u00e9gale contraire.<\/p><hr data-start=\"2323\" data-end=\"2326\" \/><h2 data-section-id=\"17kfcrz\" data-start=\"2328\" data-end=\"2353\">6. Partage des donn\u00e9es<\/h2><p data-start=\"2354\" data-end=\"2607\">Les donn\u00e9es personnelles ne sont <strong data-start=\"2387\" data-end=\"2423\">ni vendues ni c\u00e9d\u00e9es \u00e0 des tiers<\/strong>.<br data-start=\"2424\" data-end=\"2427\" \/>Elles peuvent toutefois \u00eatre transmises \u00e0 des prestataires techniques (h\u00e9bergement, maintenance du site, outils de statistiques) uniquement dans le cadre du fonctionnement du site.<\/p><hr data-start=\"2609\" data-end=\"2612\" \/><h2 data-section-id=\"qodumj\" data-start=\"2614\" data-end=\"2627\">7. Cookies<\/h2><p data-start=\"2628\" data-end=\"2668\">Le site peut utiliser des cookies afin :<\/p><ul data-start=\"2670\" data-end=\"2768\"><li data-section-id=\"1a3w254\" data-start=\"2670\" data-end=\"2697\">d\u2019am\u00e9liorer la navigation<\/li><li data-section-id=\"n6tbll\" data-start=\"2698\" data-end=\"2729\">de mesurer l\u2019audience du site<\/li><li data-section-id=\"34d8n0\" data-start=\"2730\" data-end=\"2768\">d\u2019optimiser les performances du site<\/li><\/ul><p data-start=\"2770\" data-end=\"2891\">Vous pouvez accepter ou refuser l\u2019utilisation des cookies via le bandeau pr\u00e9vu \u00e0 cet effet lors de votre premi\u00e8re visite.<\/p><hr data-start=\"2893\" data-end=\"2896\" \/><h2 data-section-id=\"1u1lqoe\" data-start=\"2898\" data-end=\"2914\">8. Vos droits<\/h2><p data-start=\"2915\" data-end=\"2995\">Conform\u00e9ment \u00e0 la r\u00e9glementation en vigueur, vous disposez des droits suivants :<\/p><ul data-start=\"2997\" data-end=\"3156\"><li data-section-id=\"18lvkz9\" data-start=\"2997\" data-end=\"3028\">droit d\u2019acc\u00e8s \u00e0 vos donn\u00e9es<\/li><li data-section-id=\"xanhyt\" data-start=\"3029\" data-end=\"3055\">droit de rectification<\/li><li data-section-id=\"mo2y6s\" data-start=\"3056\" data-end=\"3080\">droit de suppression<\/li><li data-section-id=\"6m7apa\" data-start=\"3081\" data-end=\"3117\">droit d\u2019opposition au traitement<\/li><li data-section-id=\"wavy30\" data-start=\"3118\" data-end=\"3156\">droit \u00e0 la portabilit\u00e9 des donn\u00e9es<\/li><\/ul><p data-start=\"3158\" data-end=\"3271\">Pour exercer ces droits, vous pouvez contacter le responsable du traitement via le formulaire de contact du site.<\/p><hr data-start=\"3273\" data-end=\"3276\" \/><h2 data-section-id=\"1e2tltq\" data-start=\"3278\" data-end=\"3304\">9. S\u00e9curit\u00e9 des donn\u00e9es<\/h2><p data-start=\"3305\" data-end=\"3487\">Nous mettons en \u0153uvre toutes les mesures techniques et organisationnelles n\u00e9cessaires afin de prot\u00e9ger vos donn\u00e9es personnelles contre toute perte, acc\u00e8s non autoris\u00e9 ou divulgation.<\/p><hr data-start=\"3489\" data-end=\"3492\" \/><h2 data-section-id=\"nohuvt\" data-start=\"3494\" data-end=\"3548\">10. Modification de la politique de confidentialit\u00e9<\/h2><p data-start=\"3549\" data-end=\"3738\">Cette politique de confidentialit\u00e9 peut \u00eatre mise \u00e0 jour \u00e0 tout moment afin de refl\u00e9ter les \u00e9volutions l\u00e9gales ou les modifications du site. Nous vous invitons \u00e0 la consulter r\u00e9guli\u00e8rement.<\/p>\t\t\t\t\t\t\t\t<\/div>\n\t\t\t\t\t<\/div>\n\t\t\t\t<\/div>\n\t\t\t\t<\/div>","protected":false},"excerpt":{"rendered":"<p>Politique de confidentialit\u00e9 1. Introduction La pr\u00e9sente politique de confidentialit\u00e9 a pour objectif d\u2019informer les utilisateurs du site du restaurant Kerameki sur la mani\u00e8re dont leurs donn\u00e9es personnelles sont collect\u00e9es, utilis\u00e9es et prot\u00e9g\u00e9es lors de leur navigation sur le site. [&hellip;]<\/p>\n","protected":false},"author":1,"featured_media":0,"parent":0,"menu_order":0,"comment_status":"closed","ping_status":"closed","template":"","meta":{"footnotes":""},"class_list":["post-5440","page","type-page","status-publish","hentry"],"yoast_head":"<!-- This site is optimized with the Yoast SEO plugin v27.3 - https:\/\/yoast.com\/product\/yoast-seo-wordpress\/ -->\n<title>Politique de confidentialit\u00e9 - restaurant-kirameki.com<\/title>\n<meta name=\"robots\" content=\"index, follow, max-snippet:-1, max-image-preview:large, max-video-preview:-1\" \/>\n<link rel=\"canonical\" href=\"https:\/\/restaurant-kirameki.com\/en\/politique-de-confidentialite\/\" \/>\n<meta property=\"og:locale\" content=\"en_US\" \/>\n<meta property=\"og:type\" content=\"article\" \/>\n<meta property=\"og:title\" content=\"Politique de confidentialit\u00e9 - restaurant-kirameki.com\" \/>\n<meta property=\"og:description\" content=\"Politique de confidentialit\u00e9 1. Introduction La pr\u00e9sente politique de confidentialit\u00e9 a pour objectif d\u2019informer les utilisateurs du site du restaurant Kerameki sur la mani\u00e8re dont leurs donn\u00e9es personnelles sont collect\u00e9es, utilis\u00e9es et prot\u00e9g\u00e9es lors de leur navigation sur le site. [&hellip;]\" \/>\n<meta property=\"og:url\" content=\"https:\/\/restaurant-kirameki.com\/en\/politique-de-confidentialite\/\" \/>\n<meta property=\"og:site_name\" content=\"restaurant-kirameki.com\" \/>\n<meta property=\"article:publisher\" content=\"https:\/\/www.facebook.com\/BenatonBeaune\/?locale=fr_FR\" \/>\n<meta property=\"article:modified_time\" content=\"2026-04-09T14:44:49+00:00\" \/>\n<meta name=\"twitter:card\" content=\"summary_large_image\" \/>\n<meta name=\"twitter:label1\" content=\"Est. reading time\" \/>\n\t<meta name=\"twitter:data1\" content=\"3 minutes\" \/>\n<script type=\"application\/ld+json\" class=\"yoast-schema-graph\">{\"@context\":\"https:\\\/\\\/schema.org\",\"@graph\":[{\"@type\":\"WebPage\",\"@id\":\"https:\\\/\\\/restaurant-kirameki.com\\\/politique-de-confidentialite\\\/\",\"url\":\"https:\\\/\\\/restaurant-kirameki.com\\\/politique-de-confidentialite\\\/\",\"name\":\"Politique de confidentialit\u00e9 - restaurant-kirameki.com\",\"isPartOf\":{\"@id\":\"https:\\\/\\\/restaurant-kirameki.com\\\/#website\"},\"datePublished\":\"2026-04-09T14:32:01+00:00\",\"dateModified\":\"2026-04-09T14:44:49+00:00\",\"breadcrumb\":{\"@id\":\"https:\\\/\\\/restaurant-kirameki.com\\\/politique-de-confidentialite\\\/#breadcrumb\"},\"inLanguage\":\"en-US\",\"potentialAction\":[{\"@type\":\"ReadAction\",\"target\":[\"https:\\\/\\\/restaurant-kirameki.com\\\/politique-de-confidentialite\\\/\"]}]},{\"@type\":\"BreadcrumbList\",\"@id\":\"https:\\\/\\\/restaurant-kirameki.com\\\/politique-de-confidentialite\\\/#breadcrumb\",\"itemListElement\":[{\"@type\":\"ListItem\",\"position\":1,\"name\":\"Home\",\"item\":\"https:\\\/\\\/restaurant-kirameki.com\\\/\"},{\"@type\":\"ListItem\",\"position\":2,\"name\":\"Politique de confidentialit\u00e9\"}]},{\"@type\":\"WebSite\",\"@id\":\"https:\\\/\\\/restaurant-kirameki.com\\\/#website\",\"url\":\"https:\\\/\\\/restaurant-kirameki.com\\\/\",\"name\":\"restaurant-kirameki.com\",\"description\":\"Restaurant gastronomique Bourguignon \u00e0 Beaune\",\"publisher\":{\"@id\":\"https:\\\/\\\/restaurant-kirameki.com\\\/#organization\"},\"potentialAction\":[{\"@type\":\"SearchAction\",\"target\":{\"@type\":\"EntryPoint\",\"urlTemplate\":\"https:\\\/\\\/restaurant-kirameki.com\\\/?s={search_term_string}\"},\"query-input\":{\"@type\":\"PropertyValueSpecification\",\"valueRequired\":true,\"valueName\":\"search_term_string\"}}],\"inLanguage\":\"en-US\"},{\"@type\":\"Organization\",\"@id\":\"https:\\\/\\\/restaurant-kirameki.com\\\/#organization\",\"name\":\"restaurant-kirameki.com\",\"url\":\"https:\\\/\\\/restaurant-kirameki.com\\\/\",\"logo\":{\"@type\":\"ImageObject\",\"inLanguage\":\"en-US\",\"@id\":\"https:\\\/\\\/restaurant-kirameki.com\\\/#\\\/schema\\\/logo\\\/image\\\/\",\"url\":\"https:\\\/\\\/restaurant-kirameki.com\\\/wp-content\\\/uploads\\\/2025\\\/07\\\/cropped-1-scaled-1.png\",\"contentUrl\":\"https:\\\/\\\/restaurant-kirameki.com\\\/wp-content\\\/uploads\\\/2025\\\/07\\\/cropped-1-scaled-1.png\",\"width\":512,\"height\":512,\"caption\":\"restaurant-kirameki.com\"},\"image\":{\"@id\":\"https:\\\/\\\/restaurant-kirameki.com\\\/#\\\/schema\\\/logo\\\/image\\\/\"},\"sameAs\":[\"https:\\\/\\\/www.facebook.com\\\/BenatonBeaune\\\/?locale=fr_FR\",\"https:\\\/\\\/www.instagram.com\\\/lebenaton\\\/\"]}]}<\/script>\n<!-- \/ Yoast SEO plugin. -->","yoast_head_json":{"title":"Politique de confidentialit\u00e9 - restaurant-kirameki.com","robots":{"index":"index","follow":"follow","max-snippet":"max-snippet:-1","max-image-preview":"max-image-preview:large","max-video-preview":"max-video-preview:-1"},"canonical":"https:\/\/restaurant-kirameki.com\/en\/politique-de-confidentialite\/","og_locale":"en_US","og_type":"article","og_title":"Politique de confidentialit\u00e9 - restaurant-kirameki.com","og_description":"Politique de confidentialit\u00e9 1. Introduction La pr\u00e9sente politique de confidentialit\u00e9 a pour objectif d\u2019informer les utilisateurs du site du restaurant Kerameki sur la mani\u00e8re dont leurs donn\u00e9es personnelles sont collect\u00e9es, utilis\u00e9es et prot\u00e9g\u00e9es lors de leur navigation sur le site. [&hellip;]","og_url":"https:\/\/restaurant-kirameki.com\/en\/politique-de-confidentialite\/","og_site_name":"restaurant-kirameki.com","article_publisher":"https:\/\/www.facebook.com\/BenatonBeaune\/?locale=fr_FR","article_modified_time":"2026-04-09T14:44:49+00:00","twitter_card":"summary_large_image","twitter_misc":{"Est. reading time":"3 minutes"},"schema":{"@context":"https:\/\/schema.org","@graph":[{"@type":"WebPage","@id":"https:\/\/restaurant-kirameki.com\/politique-de-confidentialite\/","url":"https:\/\/restaurant-kirameki.com\/politique-de-confidentialite\/","name":"Politique de confidentialit\u00e9 - restaurant-kirameki.com","isPartOf":{"@id":"https:\/\/restaurant-kirameki.com\/#website"},"datePublished":"2026-04-09T14:32:01+00:00","dateModified":"2026-04-09T14:44:49+00:00","breadcrumb":{"@id":"https:\/\/restaurant-kirameki.com\/politique-de-confidentialite\/#breadcrumb"},"inLanguage":"en-US","potentialAction":[{"@type":"ReadAction","target":["https:\/\/restaurant-kirameki.com\/politique-de-confidentialite\/"]}]},{"@type":"BreadcrumbList","@id":"https:\/\/restaurant-kirameki.com\/politique-de-confidentialite\/#breadcrumb","itemListElement":[{"@type":"ListItem","position":1,"name":"Home","item":"https:\/\/restaurant-kirameki.com\/"},{"@type":"ListItem","position":2,"name":"Politique de confidentialit\u00e9"}]},{"@type":"WebSite","@id":"https:\/\/restaurant-kirameki.com\/#website","url":"https:\/\/restaurant-kirameki.com\/","name":"restaurant-kirameki.com","description":"Restaurant gastronomique Bourguignon \u00e0 Beaune","publisher":{"@id":"https:\/\/restaurant-kirameki.com\/#organization"},"potentialAction":[{"@type":"SearchAction","target":{"@type":"EntryPoint","urlTemplate":"https:\/\/restaurant-kirameki.com\/?s={search_term_string}"},"query-input":{"@type":"PropertyValueSpecification","valueRequired":true,"valueName":"search_term_string"}}],"inLanguage":"en-US"},{"@type":"Organization","@id":"https:\/\/restaurant-kirameki.com\/#organization","name":"restaurant-kirameki.com","url":"https:\/\/restaurant-kirameki.com\/","logo":{"@type":"ImageObject","inLanguage":"en-US","@id":"https:\/\/restaurant-kirameki.com\/#\/schema\/logo\/image\/","url":"https:\/\/restaurant-kirameki.com\/wp-content\/uploads\/2025\/07\/cropped-1-scaled-1.png","contentUrl":"https:\/\/restaurant-kirameki.com\/wp-content\/uploads\/2025\/07\/cropped-1-scaled-1.png","width":512,"height":512,"caption":"restaurant-kirameki.com"},"image":{"@id":"https:\/\/restaurant-kirameki.com\/#\/schema\/logo\/image\/"},"sameAs":["https:\/\/www.facebook.com\/BenatonBeaune\/?locale=fr_FR","https:\/\/www.instagram.com\/lebenaton\/"]}]}},"_links":{"self":[{"href":"https:\/\/restaurant-kirameki.com\/en\/wp-json\/wp\/v2\/pages\/5440","targetHints":{"allow":["GET"]}}],"collection":[{"href":"https:\/\/restaurant-kirameki.com\/en\/wp-json\/wp\/v2\/pages"}],"about":[{"href":"https:\/\/restaurant-kirameki.com\/en\/wp-json\/wp\/v2\/types\/page"}],"author":[{"embeddable":true,"href":"https:\/\/restaurant-kirameki.com\/en\/wp-json\/wp\/v2\/users\/1"}],"replies":[{"embeddable":true,"href":"https:\/\/restaurant-kirameki.com\/en\/wp-json\/wp\/v2\/comments?post=5440"}],"version-history":[{"count":4,"href":"https:\/\/restaurant-kirameki.com\/en\/wp-json\/wp\/v2\/pages\/5440\/revisions"}],"predecessor-version":[{"id":5445,"href":"https:\/\/restaurant-kirameki.com\/en\/wp-json\/wp\/v2\/pages\/5440\/revisions\/5445"}],"wp:attachment":[{"href":"https:\/\/restaurant-kirameki.com\/en\/wp-json\/wp\/v2\/media?parent=5440"}],"curies":[{"name":"wp","href":"https:\/\/api.w.org\/{rel}","templated":true}]}}